{"id":19,"date":"2025-01-14T12:02:05","date_gmt":"2025-01-14T12:02:05","guid":{"rendered":"https:\/\/dummy.xtemos.com\/woodmart2\/marketplace2-elementor\/?page_id=19"},"modified":"2026-03-26T14:46:41","modified_gmt":"2026-03-26T14:46:41","slug":"about-us","status":"publish","type":"page","link":"https:\/\/abawi.sn\/en\/about-us\/","title":{"rendered":"\u00c0 propos"},"content":{"rendered":"<ul id=\"menu-sidebar-menu-marketplace-4\">\n<li ><a href=\"https:\/\/abawi.sn\/index.php\/about-us\/\">\u00c0 propos<\/a><\/li>\n<li ><a href=\"https:\/\/abawi.sn\/index.php\/faqs\/\">FAQs<\/a><\/li>\n<li ><a href=\"https:\/\/abawi.sn\/index.php\/our-partners\/\">Partenariats<\/a><\/li>\n<li ><a href=\"https:\/\/abawi.sn\/index.php\/contact-us\/\">Contact<\/a><\/li>\n<\/ul>\n<p>\t\t\t<a href=\"#\" rel=\"nofollow\"><br \/>\n\t\t\t\t\t\t\t\t\t\t\t<\/a><br \/>\n\t\t\t\t<a href=\"#\" rel=\"nofollow\"><br \/>\n\t\t\t\t\t\t\t\t\t<\/a><\/p>\n<h4>Mission &amp; Vision<\/h4>\n<p>Abawi.sn a pour mission de <strong>structurer, moderniser et internationaliser le commerce s\u00e9n\u00e9galais<\/strong> en connectant clients, marques et acteurs locaux dans un \u00e9cosyst\u00e8me digital fiable et s\u00e9curis\u00e9.<br \/>Notre vision est de devenir <strong>la plateforme de r\u00e9f\u00e9rence du commerce digital au S\u00e9n\u00e9gal<\/strong>, capable de valoriser les produits locaux, de faciliter l\u2019export et de cr\u00e9er un mod\u00e8le reproductible \u00e0 l\u2019\u00e9chelle de l\u2019Afrique de l\u2019Ouest.<\/p>\n<h4>Notre but est d&#8217;\u00eatre utile <\/h4>\n<h4>+1000<\/h4>\n<p>produits disponibles<\/p>\n<h4>+1 million<\/h4>\n<p>customers every year<\/p>\n<h4>+10<\/h4>\n<p>employ\u00e9es<\/p>\n<h4>100%<\/h4>\n<p>multi<\/p>\n<h4>Positionnement<\/h4>\n<p>Abawi.sn n\u2019est pas une simple boutique en ligne.<br \/>Nous sommes une <strong>plateforme d\u2019orchestration commerciale<\/strong>, con\u00e7ue pour faciliter l\u2019acc\u00e8s aux produits, optimiser la distribution et acc\u00e9l\u00e9rer la digitalisation du commerce au S\u00e9n\u00e9gal.<\/p>\n<h3 data-start=\"1517\" data-end=\"1545\"><strong data-start=\"1521\" data-end=\"1543\">P\u00f4les strat\u00e9giques<\/strong><\/h3>\n<p data-start=\"1547\" data-end=\"1639\"><strong data-start=\"1547\" data-end=\"1575\">Technologie &amp; \u00c9quipement<\/strong><br data-start=\"1575\" data-end=\"1578\" \/>Produits informatiques, t\u00e9l\u00e9phonie et solutions \u00e9tudiantes.<\/p>\n<p data-start=\"1641\" data-end=\"1725\"><strong data-start=\"1641\" data-end=\"1669\">Consommation &amp; Lifestyle<\/strong><br data-start=\"1669\" data-end=\"1672\" \/>Mode, maison, accessoires et produits du quotidien.<\/p>\n<p data-start=\"1727\" data-end=\"1858\"><strong data-start=\"1727\" data-end=\"1771\">Produits naturels &amp; durables \u2013 ABIOGREEN<\/strong><br data-start=\"1771\" data-end=\"1774\" \/>Valorisation des fili\u00e8res locales, transformation responsable et potentiel export.<\/p>\n<p data-start=\"1727\" data-end=\"1858\">Chaque p\u00f4le r\u00e9pond \u00e0 une logique \u00e9conomique distincte mais compl\u00e9mentaire.<\/p>\n<p>\t\t\t\t\t\t\t\t\t\t\t\t\t<a  href=\"https:\/\/abawi.sn\/wp-content\/uploads\/2025\/01\/about-us-gallery-1-opt.jpg\" data-width=\"440\" data-height=\"280\" data-index=\"1\" data-elementor-open-lightbox=\"no\"><br \/>\n\t\t\t\t\t\t<img width=\"440\" height=\"280\" src=\"https:\/\/abawi.sn\/wp-content\/uploads\/2025\/01\/about-us-gallery-1-opt.jpg\" alt=\"about-us-gallery-1-opt\" decoding=\"async\" loading=\"lazy\" srcset=\"https:\/\/abawi.sn\/wp-content\/uploads\/2025\/01\/about-us-gallery-1-opt.jpg 440w, https:\/\/abawi.sn\/wp-content\/uploads\/2025\/01\/about-us-gallery-1-opt-150x95.jpg 150w\" sizes=\"auto, (max-width: 440px) 100vw, 440px\" \/><br \/>\n\t\t\t\t\t\t\t\t\t\t\t\t\t<\/a><br \/>\n\t\t\t\t\t\t\t\t\t\t\t\t\t<a  href=\"https:\/\/abawi.sn\/wp-content\/uploads\/2025\/01\/about-us-gallery-2-opt.jpg\" data-width=\"440\" data-height=\"280\" data-index=\"2\" data-elementor-open-lightbox=\"no\"><br \/>\n\t\t\t\t\t\t<img width=\"440\" height=\"280\" src=\"https:\/\/abawi.sn\/wp-content\/uploads\/2025\/01\/about-us-gallery-2-opt.jpg\" alt=\"about-us-gallery-2-opt\" decoding=\"async\" loading=\"lazy\" srcset=\"https:\/\/abawi.sn\/wp-content\/uploads\/2025\/01\/about-us-gallery-2-opt.jpg 440w, https:\/\/abawi.sn\/wp-content\/uploads\/2025\/01\/about-us-gallery-2-opt-150x95.jpg 150w\" sizes=\"auto, (max-width: 440px) 100vw, 440px\" \/><br \/>\n\t\t\t\t\t\t\t\t\t\t\t\t\t<\/a><br \/>\n\t\t\t\t\t\t\t\t\t\t\t\t\t<a  href=\"https:\/\/abawi.sn\/wp-content\/uploads\/2025\/01\/about-us-gallery-3-opt.jpg\" data-width=\"440\" data-height=\"280\" data-index=\"3\" data-elementor-open-lightbox=\"no\"><br \/>\n\t\t\t\t\t\t<img width=\"440\" height=\"280\" src=\"https:\/\/abawi.sn\/wp-content\/uploads\/2025\/01\/about-us-gallery-3-opt.jpg\" alt=\"about-us-gallery-3-opt\" decoding=\"async\" loading=\"lazy\" srcset=\"https:\/\/abawi.sn\/wp-content\/uploads\/2025\/01\/about-us-gallery-3-opt.jpg 440w, https:\/\/abawi.sn\/wp-content\/uploads\/2025\/01\/about-us-gallery-3-opt-150x95.jpg 150w\" sizes=\"auto, (max-width: 440px) 100vw, 440px\" \/><br \/>\n\t\t\t\t\t\t\t\t\t\t\t\t\t<\/a><\/p>\n<h4>P\u00f4les strat\u00e9giques<\/h4>\n<p><strong>Technologie &amp; \u00c9quipement<br \/><\/strong>Produits informatiques, t\u00e9l\u00e9phonie et solutions \u00e9tudiantes.<\/p>\n<h4>Consommation &amp; Lifestyle<\/h4>\n<p>Mode, maison, accessoires et produits du quotidien.<\/p>\n<h4>Produits naturels &amp; durables \u2013 ABIOGREEN<\/h4>\n<p>Valorisation des fili\u00e8res locales, transformation responsable et potentiel export.<\/p>\n<p>\t\t\t\t\t\t\t\t<img width=\"520\" height=\"461\" src=\"https:\/\/abawi.sn\/wp-content\/uploads\/2025\/01\/about-us-gallery-4-opt.jpg\" alt=\"\" decoding=\"async\" loading=\"lazy\" srcset=\"https:\/\/abawi.sn\/wp-content\/uploads\/2025\/01\/about-us-gallery-4-opt.jpg 520w, https:\/\/abawi.sn\/wp-content\/uploads\/2025\/01\/about-us-gallery-4-opt-150x133.jpg 150w\" sizes=\"auto, (max-width: 520px) 100vw, 520px\" \/>\t\t\t\t\t<\/p>\n<h4>Diff\u00e9renciation<\/h4>\n<ul>\n<li><strong>Cr\u00e9dibilit\u00e9<br \/><\/strong>S\u00e9lection rigoureuse des partenariats et des produits.<\/li>\n<li><strong>Structure<br \/><\/strong>Processus de paiement s\u00e9curis\u00e9 et tra\u00e7abilit\u00e9 logistique.<\/li>\n<li><strong>Expansion<br \/><\/strong>Livraison nationale optimis\u00e9e et capacit\u00e9 d\u2019export vers la diaspora et les march\u00e9s internationaux.<\/li>\n<\/ul>\n<p>\t\t\t\t\t\t\t\t<img width=\"520\" height=\"461\" src=\"https:\/\/abawi.sn\/wp-content\/uploads\/2025\/01\/about-us-gallery-4-opt.jpg\" alt=\"\" decoding=\"async\" loading=\"lazy\" srcset=\"https:\/\/abawi.sn\/wp-content\/uploads\/2025\/01\/about-us-gallery-4-opt.jpg 520w, https:\/\/abawi.sn\/wp-content\/uploads\/2025\/01\/about-us-gallery-4-opt-150x133.jpg 150w\" sizes=\"auto, (max-width: 520px) 100vw, 520px\" \/>\t\t\t\t\t<\/p>\n<h4>Ambition<\/h4>\n<p>Positionner Abawi.sn comme :<\/p>\n<ul>\n<li>\n<p>La <strong>plateforme s\u00e9n\u00e9galaise de r\u00e9f\u00e9rence<\/strong> pour le commerce digital.<\/p>\n<\/li>\n<li>\n<p>Le <strong>canal d\u2019export digital du Made in S\u00e9n\u00e9gal<\/strong>.<\/p>\n<\/li>\n<li>\n<p>Un <strong>mod\u00e8le reproductible en Afrique de l\u2019Ouest<\/strong>.<\/p>\n<\/li>\n<\/ul>\n<h4>Envie de collaborer avec nous ?<\/h4>\n<p>Postulez et parlez-nous de vous. Nous vous contacterons pour discuter plus en d\u00e9tail de notre collaboration.<\/p>\n<p>\t\t\t<a  href=\"#\"><br \/>\n\t\t\t\t\tContactez &#8211; nous<br \/>\n\t\t\t\t\t\t\t<\/a><\/p>\n<h5>Vous n\u2019avez pas trouv\u00e9 ce dont vous avez besoin ?<\/h5>\n<p>Si vous n\u2019avez pas trouv\u00e9 ce dont vous avez besoin ou si vous avez des questions, contactez-nous et nous ferons notre possible pour vous aider.<\/p>\n<p>\t\t\t<a  href=\"#\"><br \/>\n\t\t\t\t\tContactez nous<br \/>\n\t\t\t\t\t\t\t<\/a><\/p>\n","protected":false},"excerpt":{"rendered":"<p>\u00c0 propos FAQs Partenariats Contact Mission &amp; Vision Abawi.sn a pour mission de structurer, moderniser et internationaliser le commerce s\u00e9n\u00e9galais<\/p>\n","protected":false},"author":1,"featured_media":0,"parent":0,"menu_order":0,"comment_status":"closed","ping_status":"closed","template":"","meta":{"om_disable_all_campaigns":false,"footnotes":""},"class_list":["post-19","page","type-page","status-publish","hentry"],"_links":{"self":[{"href":"https:\/\/abawi.sn\/en\/wp-json\/wp\/v2\/pages\/19","targetHints":{"allow":["GET"]}}],"collection":[{"href":"https:\/\/abawi.sn\/en\/wp-json\/wp\/v2\/pages"}],"about":[{"href":"https:\/\/abawi.sn\/en\/wp-json\/wp\/v2\/types\/page"}],"author":[{"embeddable":true,"href":"https:\/\/abawi.sn\/en\/wp-json\/wp\/v2\/users\/1"}],"replies":[{"embeddable":true,"href":"https:\/\/abawi.sn\/en\/wp-json\/wp\/v2\/comments?post=19"}],"version-history":[{"count":8,"href":"https:\/\/abawi.sn\/en\/wp-json\/wp\/v2\/pages\/19\/revisions"}],"predecessor-version":[{"id":31126,"href":"https:\/\/abawi.sn\/en\/wp-json\/wp\/v2\/pages\/19\/revisions\/31126"}],"wp:attachment":[{"href":"https:\/\/abawi.sn\/en\/wp-json\/wp\/v2\/media?parent=19"}],"curies":[{"name":"wp","href":"https:\/\/api.w.org\/{rel}","templated":true}]}}