{"id":31067,"date":"2026-03-27T20:31:55","date_gmt":"2026-03-27T20:31:55","guid":{"rendered":"https:\/\/abawi.sn\/?post_type=product&#038;p=31067"},"modified":"2026-03-27T20:31:55","modified_gmt":"2026-03-27T20:31:55","slug":"kuwes-panneau-de-brassage-24-ports-cat-6-2","status":"publish","type":"product","link":"https:\/\/abawi.sn\/en\/product\/kuwes-panneau-de-brassage-24-ports-cat-6-2\/","title":{"rendered":"KUWES PANNEAU DE BRASSAGE 24 PORTS CAT.6+"},"content":{"rendered":"<p><strong>KUWES PANNEAU DE BRASSAGE 24 PORTS CAT.6+<\/strong> \u2014 Accessoire r\u00e9seau professionnel chez <strong>ABAWI Dakar<\/strong>.<\/p>\n<p>Optimisez votre infrastructure r\u00e9seau avec cet accessoire de qualit\u00e9. Adapt\u00e9 aux installations professionnelles et r\u00e9sidentielles au S\u00e9n\u00e9gal.<\/p>\n<ul>\n<li>\u2705 Standard r\u00e9seau certifi\u00e9<\/li>\n<li>\u2705 Installation professionnelle<\/li>\n<li>\u2705 Durabilit\u00e9 garantie<\/li>\n<li>\u2705 Support technique ABAWI<\/li>\n<\/ul>\n<p>R\u00e9seau &#038; T\u00e9l\u00e9coms \u2014 ABAWI | 77 518 50 50<\/p>\n","protected":false},"excerpt":{"rendered":"<p>Accessoire r\u00e9seau Kuwes | Infrastructure LAN, RJ45, fibre | ABAWI Dakar<\/p>\n","protected":false},"featured_media":31063,"comment_status":"open","ping_status":"closed","template":"","meta":{"om_disable_all_campaigns":false},"product_brand":[],"product_cat":[164],"product_tag":[166],"class_list":{"0":"post-31067","1":"product","2":"type-product","3":"status-publish","4":"has-post-thumbnail","6":"product_cat-accessoires-reseaux","7":"product_tag-kuwes","9":"first","10":"instock","11":"shipping-taxable","12":"purchasable","13":"product-type-simple"},"_links":{"self":[{"href":"https:\/\/abawi.sn\/en\/wp-json\/wp\/v2\/product\/31067","targetHints":{"allow":["GET"]}}],"collection":[{"href":"https:\/\/abawi.sn\/en\/wp-json\/wp\/v2\/product"}],"about":[{"href":"https:\/\/abawi.sn\/en\/wp-json\/wp\/v2\/types\/product"}],"replies":[{"embeddable":true,"href":"https:\/\/abawi.sn\/en\/wp-json\/wp\/v2\/comments?post=31067"}],"version-history":[{"count":1,"href":"https:\/\/abawi.sn\/en\/wp-json\/wp\/v2\/product\/31067\/revisions"}],"predecessor-version":[{"id":31068,"href":"https:\/\/abawi.sn\/en\/wp-json\/wp\/v2\/product\/31067\/revisions\/31068"}],"wp:featuredmedia":[{"embeddable":true,"href":"https:\/\/abawi.sn\/en\/wp-json\/wp\/v2\/media\/31063"}],"wp:attachment":[{"href":"https:\/\/abawi.sn\/en\/wp-json\/wp\/v2\/media?parent=31067"}],"wp:term":[{"taxonomy":"product_brand","embeddable":true,"href":"https:\/\/abawi.sn\/en\/wp-json\/wp\/v2\/product_brand?post=31067"},{"taxonomy":"product_cat","embeddable":true,"href":"https:\/\/abawi.sn\/en\/wp-json\/wp\/v2\/product_cat?post=31067"},{"taxonomy":"product_tag","embeddable":true,"href":"https:\/\/abawi.sn\/en\/wp-json\/wp\/v2\/product_tag?post=31067"}],"curies":[{"name":"wp","href":"https:\/\/api.w.org\/{rel}","templated":true}]}}