{"id":32781,"date":"2026-03-29T01:21:09","date_gmt":"2026-03-29T01:21:09","guid":{"rendered":"https:\/\/abawi.sn\/?post_type=product&#038;p=32781"},"modified":"2026-03-29T01:21:09","modified_gmt":"2026-03-29T01:21:09","slug":"epson-imprimante-jeu-dencre-couleur-multifonction-a3-l1300","status":"publish","type":"product","link":"https:\/\/abawi.sn\/en\/product\/epson-imprimante-jeu-dencre-couleur-multifonction-a3-l1300\/","title":{"rendered":"EPSON IMPRIMANTE JEU D&#8217;ENCRE COULEUR MULTIFONCTION A3 L1300"},"content":{"rendered":"<p><strong>EPSON IMPRIMANTE JEU D&#8217;ENCRE COULEUR MULTIFONCTION A3 L1300<\/strong> \u2014 Imprimante disponible chez <strong>ABAWI Dakar<\/strong>, revendeur HP, Canon, Epson, Brother au S\u00e9n\u00e9gal.<\/p>\n<p>Impression rapide et de qualit\u00e9 pour vos documents professionnels et personnels. Fonctions impression, scan, copie selon mod\u00e8le. Connectivit\u00e9 WiFi pour impression sans fil.<\/p>\n<ul>\n<li>\u2705 Impression Haute R\u00e9solution<\/li>\n<li>\u2705 Recto-verso automatique<\/li>\n<li>\u2705 WiFi \/ USB<\/li>\n<li>\u2705 Consommables disponibles chez ABAWI<\/li>\n<\/ul>\n<p>ABAWI Impression | 77 518 50 50 | VDN Libert\u00e9 6, Dakar<\/p>\n","protected":false},"excerpt":{"rendered":"<p>Imprimante Epson | Jet d&#8217;encre, laser, multifonction, WiFi | ABAWI Dakar<\/p>\n","protected":false},"featured_media":32218,"comment_status":"open","ping_status":"closed","template":"","meta":{"om_disable_all_campaigns":false},"product_brand":[],"product_cat":[188],"product_tag":[190],"class_list":{"0":"post-32781","1":"product","2":"type-product","3":"status-publish","4":"has-post-thumbnail","6":"product_cat-imprimante","7":"product_tag-epson","9":"first","10":"instock","11":"shipping-taxable","12":"purchasable","13":"product-type-simple"},"_links":{"self":[{"href":"https:\/\/abawi.sn\/en\/wp-json\/wp\/v2\/product\/32781","targetHints":{"allow":["GET"]}}],"collection":[{"href":"https:\/\/abawi.sn\/en\/wp-json\/wp\/v2\/product"}],"about":[{"href":"https:\/\/abawi.sn\/en\/wp-json\/wp\/v2\/types\/product"}],"replies":[{"embeddable":true,"href":"https:\/\/abawi.sn\/en\/wp-json\/wp\/v2\/comments?post=32781"}],"version-history":[{"count":1,"href":"https:\/\/abawi.sn\/en\/wp-json\/wp\/v2\/product\/32781\/revisions"}],"predecessor-version":[{"id":32782,"href":"https:\/\/abawi.sn\/en\/wp-json\/wp\/v2\/product\/32781\/revisions\/32782"}],"wp:featuredmedia":[{"embeddable":true,"href":"https:\/\/abawi.sn\/en\/wp-json\/wp\/v2\/media\/32218"}],"wp:attachment":[{"href":"https:\/\/abawi.sn\/en\/wp-json\/wp\/v2\/media?parent=32781"}],"wp:term":[{"taxonomy":"product_brand","embeddable":true,"href":"https:\/\/abawi.sn\/en\/wp-json\/wp\/v2\/product_brand?post=32781"},{"taxonomy":"product_cat","embeddable":true,"href":"https:\/\/abawi.sn\/en\/wp-json\/wp\/v2\/product_cat?post=32781"},{"taxonomy":"product_tag","embeddable":true,"href":"https:\/\/abawi.sn\/en\/wp-json\/wp\/v2\/product_tag?post=32781"}],"curies":[{"name":"wp","href":"https:\/\/api.w.org\/{rel}","templated":true}]}}