{"id":33122,"date":"2026-03-29T09:12:28","date_gmt":"2026-03-29T09:12:28","guid":{"rendered":"https:\/\/abawi.sn\/?post_type=product&#038;p=33122"},"modified":"2026-03-29T09:12:49","modified_gmt":"2026-03-29T09:12:49","slug":"hp-14-dq5009nr-core-i3-12th-8gb-512gb-ssd-14-pouces","status":"publish","type":"product","link":"https:\/\/abawi.sn\/en\/product\/hp-14-dq5009nr-core-i3-12th-8gb-512gb-ssd-14-pouces\/","title":{"rendered":"HP 14-DQ5009NR CORE I3 12TH 8GB\/512GB SSD 14 POUCES"},"content":{"rendered":"<p><strong>HP 14-DQ5009NR CORE I3 12TH 8GB\/512GB SSD 14 POUCES<\/strong> \u2014 Ordinateur portable disponible chez <strong>ABAWI Dakar<\/strong>, votre sp\u00e9cialiste informatique au S\u00e9n\u00e9gal.<\/p>\n<p>Puissance, portabilit\u00e9 et fiabilit\u00e9 pour vos activit\u00e9s professionnelles, \u00e9tudiantes ou personnelles. Livr\u00e9 avec Windows 11, SSD haute vitesse et garantie ABAWI.<\/p>\n<ul>\n<li>\u2705 Processeur Intel Core \/ AMD Ryzen<\/li>\n<li>\u2705 SSD NVMe haute vitesse<\/li>\n<li>\u2705 Windows 11 Pro\/Home<\/li>\n<li>\u2705 Autonomie longue dur\u00e9e<\/li>\n<li>\u2705 SAV disponible en ligne<\/li>\n<\/ul>\n<p>ABAWI Informatique | 77 518 50 50 | VDN Libert\u00e9 6, Dakar<\/p>\n","protected":false},"excerpt":{"rendered":"<p>Ordinateur portable Hp | Intel Core i5\/i7, Windows 11, SSD | ABAWI Dakar<\/p>\n","protected":false},"featured_media":0,"comment_status":"open","ping_status":"closed","template":"","meta":{"om_disable_all_campaigns":false},"product_brand":[],"product_cat":[170],"product_tag":[175],"class_list":{"0":"post-33122","1":"product","2":"type-product","3":"status-publish","5":"product_cat-ordinateurs-portable","6":"product_tag-hp","8":"first","9":"instock","10":"shipping-taxable","11":"purchasable","12":"product-type-simple"},"_links":{"self":[{"href":"https:\/\/abawi.sn\/en\/wp-json\/wp\/v2\/product\/33122","targetHints":{"allow":["GET"]}}],"collection":[{"href":"https:\/\/abawi.sn\/en\/wp-json\/wp\/v2\/product"}],"about":[{"href":"https:\/\/abawi.sn\/en\/wp-json\/wp\/v2\/types\/product"}],"replies":[{"embeddable":true,"href":"https:\/\/abawi.sn\/en\/wp-json\/wp\/v2\/comments?post=33122"}],"version-history":[{"count":1,"href":"https:\/\/abawi.sn\/en\/wp-json\/wp\/v2\/product\/33122\/revisions"}],"predecessor-version":[{"id":33123,"href":"https:\/\/abawi.sn\/en\/wp-json\/wp\/v2\/product\/33122\/revisions\/33123"}],"wp:attachment":[{"href":"https:\/\/abawi.sn\/en\/wp-json\/wp\/v2\/media?parent=33122"}],"wp:term":[{"taxonomy":"product_brand","embeddable":true,"href":"https:\/\/abawi.sn\/en\/wp-json\/wp\/v2\/product_brand?post=33122"},{"taxonomy":"product_cat","embeddable":true,"href":"https:\/\/abawi.sn\/en\/wp-json\/wp\/v2\/product_cat?post=33122"},{"taxonomy":"product_tag","embeddable":true,"href":"https:\/\/abawi.sn\/en\/wp-json\/wp\/v2\/product_tag?post=33122"}],"curies":[{"name":"wp","href":"https:\/\/api.w.org\/{rel}","templated":true}]}}