{"id":34573,"date":"2026-03-30T10:54:19","date_gmt":"2026-03-30T10:54:19","guid":{"rendered":"https:\/\/abawi.sn\/?post_type=product&#038;p=34573"},"modified":"2026-03-30T10:54:19","modified_gmt":"2026-03-30T10:54:19","slug":"rscar-adaptateur-power-adapter-12v2a-rs-v251-target","status":"publish","type":"product","link":"https:\/\/abawi.sn\/en\/product\/rscar-adaptateur-power-adapter-12v2a-rs-v251-target\/","title":{"rendered":"RSCAR ADAPTATEUR POWER ADAPTER  12V2A RS-V251 target"},"content":{"rendered":"<p><strong>RSCAR ADAPTATEUR POWER ADAPTER  12V2A RS-V251 target<\/strong> \u2014 Disponible chez <strong>ABAWI Dakar<\/strong>, votre r\u00e9f\u00e9rence en informatique et \u00e9lectronique au S\u00e9n\u00e9gal.<\/p>\n<p>Produit de qualit\u00e9, en stock imm\u00e9diat. Livraison \u00e0 Dakar et dans les r\u00e9gions du S\u00e9n\u00e9gal.<\/p>\n<ul>\n<li>\u2705 En stock imm\u00e9diat<\/li>\n<li>\u2705 Qualit\u00e9 garantie<\/li>\n<li>\u2705 Livraison Dakar et r\u00e9gions<\/li>\n<li>\u2705 SAV disponible<\/li>\n<\/ul>\n<p><strong>ABAWI<\/strong> \u2014  | 77 518 50 50 \/ 78 583 38 10<\/p>\n","protected":false},"excerpt":{"rendered":"<p>RSCAR ADAPTATEUR POWER ADAPTER  12V2A RS-V251 target | CHARGEUR Rscar | Disponible chez ABAWI Dakar<\/p>\n","protected":false},"featured_media":34332,"comment_status":"open","ping_status":"closed","template":"","meta":{"om_disable_all_campaigns":false},"product_brand":[],"product_cat":[],"product_tag":[],"class_list":{"0":"post-34573","1":"product","2":"type-product","3":"status-publish","4":"has-post-thumbnail","7":"first","8":"instock","9":"shipping-taxable","10":"purchasable","11":"product-type-simple"},"_links":{"self":[{"href":"https:\/\/abawi.sn\/en\/wp-json\/wp\/v2\/product\/34573","targetHints":{"allow":["GET"]}}],"collection":[{"href":"https:\/\/abawi.sn\/en\/wp-json\/wp\/v2\/product"}],"about":[{"href":"https:\/\/abawi.sn\/en\/wp-json\/wp\/v2\/types\/product"}],"replies":[{"embeddable":true,"href":"https:\/\/abawi.sn\/en\/wp-json\/wp\/v2\/comments?post=34573"}],"version-history":[{"count":1,"href":"https:\/\/abawi.sn\/en\/wp-json\/wp\/v2\/product\/34573\/revisions"}],"predecessor-version":[{"id":34574,"href":"https:\/\/abawi.sn\/en\/wp-json\/wp\/v2\/product\/34573\/revisions\/34574"}],"wp:featuredmedia":[{"embeddable":true,"href":"https:\/\/abawi.sn\/en\/wp-json\/wp\/v2\/media\/34332"}],"wp:attachment":[{"href":"https:\/\/abawi.sn\/en\/wp-json\/wp\/v2\/media?parent=34573"}],"wp:term":[{"taxonomy":"product_brand","embeddable":true,"href":"https:\/\/abawi.sn\/en\/wp-json\/wp\/v2\/product_brand?post=34573"},{"taxonomy":"product_cat","embeddable":true,"href":"https:\/\/abawi.sn\/en\/wp-json\/wp\/v2\/product_cat?post=34573"},{"taxonomy":"product_tag","embeddable":true,"href":"https:\/\/abawi.sn\/en\/wp-json\/wp\/v2\/product_tag?post=34573"}],"curies":[{"name":"wp","href":"https:\/\/api.w.org\/{rel}","templated":true}]}}