{"id":35935,"date":"2026-03-30T12:43:57","date_gmt":"2026-03-30T12:43:57","guid":{"rendered":"https:\/\/abawi.sn\/?post_type=product&#038;p=35935"},"modified":"2026-03-30T12:43:57","modified_gmt":"2026-03-30T12:43:57","slug":"disque-dur-toshiba-hdd-1tb-interne-laptop-25","status":"publish","type":"product","link":"https:\/\/abawi.sn\/en\/product\/disque-dur-toshiba-hdd-1tb-interne-laptop-25\/","title":{"rendered":"&#8220;DISQUE DUR TOSHIBA HDD 1TB INTERNE LAPTOP 2&#8243;&#8221;5&#8221;"},"content":{"rendered":"<p><strong>&#8220;DISQUE DUR TOSHIBA HDD 1TB INTERNE LAPTOP 2&#8243;&#8221;5&#8221;<\/strong> \u2014 Disque dur disponible chez <strong>ABAWI Dakar<\/strong>.<\/p>\n<p>Stockez et sauvegardez vos donn\u00e9es en toute s\u00e9curit\u00e9. Id\u00e9al pour les particuliers, entreprises et syst\u00e8mes de surveillance. Grande capacit\u00e9 de stockage, fiabilit\u00e9 garantie.<\/p>\n<ul>\n<li>\u2705 Grande capacit\u00e9 de stockage<\/li>\n<li>\u2705 Interface SATA \/ USB 3.0<\/li>\n<li>\u2705 Compatible PC &#038; Mac<\/li>\n<li>\u2705 Garantie constructeur<\/li>\n<\/ul>\n<p>ABAWI Stockage | 77 518 50 50 | Dakar<\/p>\n","protected":false},"excerpt":{"rendered":"<p>Disque dur &#8220;disque | HDD, SSD, interne, externe | ABAWI Dakar \u2014 Stockage &#038; Sauvegarde<\/p>\n","protected":false},"featured_media":35489,"comment_status":"open","ping_status":"closed","template":"","meta":{"om_disable_all_campaigns":false},"product_brand":[],"product_cat":[317],"product_tag":[321],"class_list":{"0":"post-35935","1":"product","2":"type-product","3":"status-publish","4":"has-post-thumbnail","6":"product_cat-disque-dur","7":"product_tag-disque-2","9":"first","10":"instock","11":"shipping-taxable","12":"purchasable","13":"product-type-simple"},"_links":{"self":[{"href":"https:\/\/abawi.sn\/en\/wp-json\/wp\/v2\/product\/35935","targetHints":{"allow":["GET"]}}],"collection":[{"href":"https:\/\/abawi.sn\/en\/wp-json\/wp\/v2\/product"}],"about":[{"href":"https:\/\/abawi.sn\/en\/wp-json\/wp\/v2\/types\/product"}],"replies":[{"embeddable":true,"href":"https:\/\/abawi.sn\/en\/wp-json\/wp\/v2\/comments?post=35935"}],"version-history":[{"count":1,"href":"https:\/\/abawi.sn\/en\/wp-json\/wp\/v2\/product\/35935\/revisions"}],"predecessor-version":[{"id":35936,"href":"https:\/\/abawi.sn\/en\/wp-json\/wp\/v2\/product\/35935\/revisions\/35936"}],"wp:featuredmedia":[{"embeddable":true,"href":"https:\/\/abawi.sn\/en\/wp-json\/wp\/v2\/media\/35489"}],"wp:attachment":[{"href":"https:\/\/abawi.sn\/en\/wp-json\/wp\/v2\/media?parent=35935"}],"wp:term":[{"taxonomy":"product_brand","embeddable":true,"href":"https:\/\/abawi.sn\/en\/wp-json\/wp\/v2\/product_brand?post=35935"},{"taxonomy":"product_cat","embeddable":true,"href":"https:\/\/abawi.sn\/en\/wp-json\/wp\/v2\/product_cat?post=35935"},{"taxonomy":"product_tag","embeddable":true,"href":"https:\/\/abawi.sn\/en\/wp-json\/wp\/v2\/product_tag?post=35935"}],"curies":[{"name":"wp","href":"https:\/\/api.w.org\/{rel}","templated":true}]}}