{"id":36286,"date":"2026-03-30T12:56:27","date_gmt":"2026-03-30T12:56:27","guid":{"rendered":"https:\/\/abawi.sn\/?post_type=product&#038;p=36286"},"modified":"2026-03-30T12:56:27","modified_gmt":"2026-03-30T12:56:27","slug":"zte-wifi-mobile-mf920vs-mobile-wifi","status":"publish","type":"product","link":"https:\/\/abawi.sn\/en\/product\/zte-wifi-mobile-mf920vs-mobile-wifi\/","title":{"rendered":"ZTE WIFI MOBILE MF920VS \/ MOBILE WIFI \/"},"content":{"rendered":"<p><strong>ZTE WIFI MOBILE MF920VS \/ MOBILE WIFI \/<\/strong> \u2014 Disponible chez <strong>ABAWI Dakar<\/strong>, votre r\u00e9f\u00e9rence en informatique et \u00e9lectronique au S\u00e9n\u00e9gal.<\/p>\n<p>Produit de qualit\u00e9, en stock imm\u00e9diat. Livraison \u00e0 Dakar et dans les r\u00e9gions du S\u00e9n\u00e9gal.<\/p>\n<ul>\n<li>\u2705 En stock imm\u00e9diat<\/li>\n<li>\u2705 Qualit\u00e9 garantie<\/li>\n<li>\u2705 Livraison Dakar et r\u00e9gions<\/li>\n<li>\u2705 SAV disponible<\/li>\n<\/ul>\n<p><strong>ABAWI<\/strong> \u2014  | 77 518 50 50 \/ 78 583 38 10<\/p>\n","protected":false},"excerpt":{"rendered":"<p>ZTE WIFI MOBILE MF920VS \/ MOBILE WIFI \/ | DIVERS Zte | Disponible chez ABAWI Dakar<\/p>\n","protected":false},"featured_media":35757,"comment_status":"open","ping_status":"closed","template":"","meta":{"om_disable_all_campaigns":false},"product_brand":[],"product_cat":[327],"product_tag":[347],"class_list":{"0":"post-36286","1":"product","2":"type-product","3":"status-publish","4":"has-post-thumbnail","6":"product_cat-divers","7":"product_tag-zte","9":"first","10":"instock","11":"shipping-taxable","12":"purchasable","13":"product-type-simple"},"_links":{"self":[{"href":"https:\/\/abawi.sn\/en\/wp-json\/wp\/v2\/product\/36286","targetHints":{"allow":["GET"]}}],"collection":[{"href":"https:\/\/abawi.sn\/en\/wp-json\/wp\/v2\/product"}],"about":[{"href":"https:\/\/abawi.sn\/en\/wp-json\/wp\/v2\/types\/product"}],"replies":[{"embeddable":true,"href":"https:\/\/abawi.sn\/en\/wp-json\/wp\/v2\/comments?post=36286"}],"version-history":[{"count":1,"href":"https:\/\/abawi.sn\/en\/wp-json\/wp\/v2\/product\/36286\/revisions"}],"predecessor-version":[{"id":36287,"href":"https:\/\/abawi.sn\/en\/wp-json\/wp\/v2\/product\/36286\/revisions\/36287"}],"wp:featuredmedia":[{"embeddable":true,"href":"https:\/\/abawi.sn\/en\/wp-json\/wp\/v2\/media\/35757"}],"wp:attachment":[{"href":"https:\/\/abawi.sn\/en\/wp-json\/wp\/v2\/media?parent=36286"}],"wp:term":[{"taxonomy":"product_brand","embeddable":true,"href":"https:\/\/abawi.sn\/en\/wp-json\/wp\/v2\/product_brand?post=36286"},{"taxonomy":"product_cat","embeddable":true,"href":"https:\/\/abawi.sn\/en\/wp-json\/wp\/v2\/product_cat?post=36286"},{"taxonomy":"product_tag","embeddable":true,"href":"https:\/\/abawi.sn\/en\/wp-json\/wp\/v2\/product_tag?post=36286"}],"curies":[{"name":"wp","href":"https:\/\/api.w.org\/{rel}","templated":true}]}}