{"id":36745,"date":"2026-03-30T13:07:58","date_gmt":"2026-03-30T13:07:58","guid":{"rendered":"https:\/\/abawi.sn\/?post_type=product&#038;p=36745"},"modified":"2026-03-30T13:07:58","modified_gmt":"2026-03-30T13:07:58","slug":"coq-macebook-new-pro-13-2016-2021","status":"publish","type":"product","link":"https:\/\/abawi.sn\/en\/product\/coq-macebook-new-pro-13-2016-2021\/","title":{"rendered":"&#8220;COQ MACEBOOK NEW PRO 13&#8243;&#8221; 2016&#8230;&#8230;2021&#8243;"},"content":{"rendered":"<p><strong>&#8220;COQ MACEBOOK NEW PRO 13&#8243;&#8221; 2016&#8230;&#8230;2021&#8243;<\/strong> \u2014 Accessoire pour ordinateur portable disponible chez <strong>ABAWI Dakar<\/strong>.<\/p>\n<p>Cet accessoire est con\u00e7u pour prolonger la dur\u00e9e de vie et am\u00e9liorer les performances de votre ordinateur portable. Compatible avec les grandes marques du march\u00e9.<\/p>\n<ul>\n<li>\u2705 Compatibilit\u00e9 multi-marques<\/li>\n<li>\u2705 Qualit\u00e9 test\u00e9e<\/li>\n<li>\u2705 Installation facile<\/li>\n<li>\u2705 SAV disponible en ligne<\/li>\n<\/ul>\n<p>Trouvez-nous au  | <strong>77 518 50 50<\/strong><\/p>\n","protected":false},"excerpt":{"rendered":"<p>Accessoire PC portable &#8220;coq | HP, Dell, Lenovo, Asus, Acer | ABAWI Dakar<\/p>\n","protected":false},"featured_media":36741,"comment_status":"open","ping_status":"closed","template":"","meta":{"om_disable_all_campaigns":false},"product_brand":[],"product_cat":[],"product_tag":[],"class_list":{"0":"post-36745","1":"product","2":"type-product","3":"status-publish","4":"has-post-thumbnail","7":"first","8":"instock","9":"shipping-taxable","10":"purchasable","11":"product-type-simple"},"_links":{"self":[{"href":"https:\/\/abawi.sn\/en\/wp-json\/wp\/v2\/product\/36745","targetHints":{"allow":["GET"]}}],"collection":[{"href":"https:\/\/abawi.sn\/en\/wp-json\/wp\/v2\/product"}],"about":[{"href":"https:\/\/abawi.sn\/en\/wp-json\/wp\/v2\/types\/product"}],"replies":[{"embeddable":true,"href":"https:\/\/abawi.sn\/en\/wp-json\/wp\/v2\/comments?post=36745"}],"version-history":[{"count":1,"href":"https:\/\/abawi.sn\/en\/wp-json\/wp\/v2\/product\/36745\/revisions"}],"predecessor-version":[{"id":36746,"href":"https:\/\/abawi.sn\/en\/wp-json\/wp\/v2\/product\/36745\/revisions\/36746"}],"wp:featuredmedia":[{"embeddable":true,"href":"https:\/\/abawi.sn\/en\/wp-json\/wp\/v2\/media\/36741"}],"wp:attachment":[{"href":"https:\/\/abawi.sn\/en\/wp-json\/wp\/v2\/media?parent=36745"}],"wp:term":[{"taxonomy":"product_brand","embeddable":true,"href":"https:\/\/abawi.sn\/en\/wp-json\/wp\/v2\/product_brand?post=36745"},{"taxonomy":"product_cat","embeddable":true,"href":"https:\/\/abawi.sn\/en\/wp-json\/wp\/v2\/product_cat?post=36745"},{"taxonomy":"product_tag","embeddable":true,"href":"https:\/\/abawi.sn\/en\/wp-json\/wp\/v2\/product_tag?post=36745"}],"curies":[{"name":"wp","href":"https:\/\/api.w.org\/{rel}","templated":true}]}}