{"id":36951,"date":"2026-03-30T13:17:02","date_gmt":"2026-03-30T13:17:02","guid":{"rendered":"https:\/\/abawi.sn\/?post_type=product&#038;p=36951"},"modified":"2026-03-30T13:17:02","modified_gmt":"2026-03-30T13:17:02","slug":"hd-video-live-youtubeur-ec288-ec288h-wimi","status":"publish","type":"product","link":"https:\/\/abawi.sn\/en\/product\/hd-video-live-youtubeur-ec288-ec288h-wimi\/","title":{"rendered":"HD VIDEO LIVE \/ YOUTUBEUR  EC288 \/ EC288H \/ wimi"},"content":{"rendered":"<p><strong>HD VIDEO LIVE \/ YOUTUBEUR  EC288 \/ EC288H \/ wimi<\/strong> \u2014 Accessoire streaming &#038; cr\u00e9ation de contenu disponible chez <strong>ABAWI Dakar<\/strong>.<\/p>\n<p>Parfait pour vos lives YouTube, TikTok, Facebook, ou la cr\u00e9ation de contenu professionnel au S\u00e9n\u00e9gal. Am\u00e9liorez la qualit\u00e9 de vos streams avec du mat\u00e9riel de qualit\u00e9.<\/p>\n<ul>\n<li>\u2705 Qualit\u00e9 streaming HD<\/li>\n<li>\u2705 Compatible OBS, Streamlabs<\/li>\n<li>\u2705 Setup facile<\/li>\n<li>\u2705 disponible en ligne<\/li>\n<\/ul>\n<p><strong>ABAWI Studio<\/strong> | 77 518 50 50 | VDN Libert\u00e9 6<\/p>\n","protected":false},"excerpt":{"rendered":"<p>Accessoire streaming Hd | Live, YouTube, TikTok | ABAWI Dakar \u2014 Studio &#038; Cr\u00e9ation<\/p>\n","protected":false},"featured_media":35899,"comment_status":"open","ping_status":"closed","template":"","meta":{"om_disable_all_campaigns":false},"product_brand":[],"product_cat":[384],"product_tag":[387],"class_list":{"0":"post-36951","1":"product","2":"type-product","3":"status-publish","4":"has-post-thumbnail","6":"product_cat-accessoires-streaming","7":"product_tag-hd","9":"first","10":"instock","11":"shipping-taxable","12":"purchasable","13":"product-type-simple"},"_links":{"self":[{"href":"https:\/\/abawi.sn\/en\/wp-json\/wp\/v2\/product\/36951","targetHints":{"allow":["GET"]}}],"collection":[{"href":"https:\/\/abawi.sn\/en\/wp-json\/wp\/v2\/product"}],"about":[{"href":"https:\/\/abawi.sn\/en\/wp-json\/wp\/v2\/types\/product"}],"replies":[{"embeddable":true,"href":"https:\/\/abawi.sn\/en\/wp-json\/wp\/v2\/comments?post=36951"}],"version-history":[{"count":1,"href":"https:\/\/abawi.sn\/en\/wp-json\/wp\/v2\/product\/36951\/revisions"}],"predecessor-version":[{"id":36952,"href":"https:\/\/abawi.sn\/en\/wp-json\/wp\/v2\/product\/36951\/revisions\/36952"}],"wp:featuredmedia":[{"embeddable":true,"href":"https:\/\/abawi.sn\/en\/wp-json\/wp\/v2\/media\/35899"}],"wp:attachment":[{"href":"https:\/\/abawi.sn\/en\/wp-json\/wp\/v2\/media?parent=36951"}],"wp:term":[{"taxonomy":"product_brand","embeddable":true,"href":"https:\/\/abawi.sn\/en\/wp-json\/wp\/v2\/product_brand?post=36951"},{"taxonomy":"product_cat","embeddable":true,"href":"https:\/\/abawi.sn\/en\/wp-json\/wp\/v2\/product_cat?post=36951"},{"taxonomy":"product_tag","embeddable":true,"href":"https:\/\/abawi.sn\/en\/wp-json\/wp\/v2\/product_tag?post=36951"}],"curies":[{"name":"wp","href":"https:\/\/api.w.org\/{rel}","templated":true}]}}