{"id":37537,"date":"2026-03-30T13:33:23","date_gmt":"2026-03-30T13:33:23","guid":{"rendered":"https:\/\/abawi.sn\/?post_type=product&#038;p=37537"},"modified":"2026-03-30T13:33:23","modified_gmt":"2026-03-30T13:33:23","slug":"apple-airpod-4-anc-active-noise-cancellation-original","status":"publish","type":"product","link":"https:\/\/abawi.sn\/en\/product\/apple-airpod-4-anc-active-noise-cancellation-original\/","title":{"rendered":"Apple AirPod 4 ANC Active Noise Cancellation Original"},"content":{"rendered":"<p><strong>Apple AirPod 4 ANC Active Noise Cancellation Original<\/strong> \u2014 AirPods originaux Apple disponibles chez <strong>ABAWI Dakar<\/strong>.<\/p>\n<p>L&#8217;exp\u00e9rience audio Apple authentique au S\u00e9n\u00e9gal. Connexion instantan\u00e9e avec vos appareils Apple, son d&#8217;exception, r\u00e9duction active du bruit (selon mod\u00e8le), autonomie optimis\u00e9e.<\/p>\n<ul>\n<li>\u2705 Produit 100% original Apple<\/li>\n<li>\u2705 Connexion H1\/H2 ultra-rapide<\/li>\n<li>\u2705 Son Spatial Audio<\/li>\n<li>\u2705 Autonomie 30h (bo\u00eetier)<\/li>\n<\/ul>\n<p>Votre revendeur Apple \u00e0 Dakar \u2014 <strong>ABAWI<\/strong> | 77 518 50 50<\/p>\n","protected":false},"excerpt":{"rendered":"<p>Apple AirPods Original Apple | Son premium, r\u00e9duction de bruit | ABAWI Dakar \u2014 Apple Officiel<\/p>\n","protected":false},"featured_media":0,"comment_status":"open","ping_status":"closed","template":"","meta":{"om_disable_all_campaigns":false},"product_brand":[],"product_cat":[406],"product_tag":[273],"class_list":{"0":"post-37537","1":"product","2":"type-product","3":"status-publish","5":"product_cat-airpods-original","6":"product_tag-apple","8":"first","9":"instock","10":"shipping-taxable","11":"purchasable","12":"product-type-simple"},"_links":{"self":[{"href":"https:\/\/abawi.sn\/en\/wp-json\/wp\/v2\/product\/37537","targetHints":{"allow":["GET"]}}],"collection":[{"href":"https:\/\/abawi.sn\/en\/wp-json\/wp\/v2\/product"}],"about":[{"href":"https:\/\/abawi.sn\/en\/wp-json\/wp\/v2\/types\/product"}],"replies":[{"embeddable":true,"href":"https:\/\/abawi.sn\/en\/wp-json\/wp\/v2\/comments?post=37537"}],"version-history":[{"count":1,"href":"https:\/\/abawi.sn\/en\/wp-json\/wp\/v2\/product\/37537\/revisions"}],"predecessor-version":[{"id":37538,"href":"https:\/\/abawi.sn\/en\/wp-json\/wp\/v2\/product\/37537\/revisions\/37538"}],"wp:attachment":[{"href":"https:\/\/abawi.sn\/en\/wp-json\/wp\/v2\/media?parent=37537"}],"wp:term":[{"taxonomy":"product_brand","embeddable":true,"href":"https:\/\/abawi.sn\/en\/wp-json\/wp\/v2\/product_brand?post=37537"},{"taxonomy":"product_cat","embeddable":true,"href":"https:\/\/abawi.sn\/en\/wp-json\/wp\/v2\/product_cat?post=37537"},{"taxonomy":"product_tag","embeddable":true,"href":"https:\/\/abawi.sn\/en\/wp-json\/wp\/v2\/product_tag?post=37537"}],"curies":[{"name":"wp","href":"https:\/\/api.w.org\/{rel}","templated":true}]}}