{"id":38175,"date":"2026-03-30T13:49:38","date_gmt":"2026-03-30T13:49:38","guid":{"rendered":"https:\/\/abawi.sn\/?post_type=product&#038;p=38175"},"modified":"2026-03-30T13:49:38","modified_gmt":"2026-03-30T13:49:38","slug":"zqs8223-bt-speaker","status":"publish","type":"product","link":"https:\/\/abawi.sn\/en\/product\/zqs8223-bt-speaker\/","title":{"rendered":"ZQS8223 BT SPEAKER"},"content":{"rendered":"<p><strong>ZQS8223 BT SPEAKER<\/strong> \u2014 Enceinte\/Baffle disponible chez <strong>ABAWI Dakar<\/strong>.<\/p>\n<p>Profitez d&#8217;un son riche et puissant pour vos \u00e9v\u00e9nements, soir\u00e9es, ou usage quotidien au S\u00e9n\u00e9gal. Compatible Bluetooth, USB, carte SD selon mod\u00e8le.<\/p>\n<ul>\n<li>\u2705 Puissance \u00e9lev\u00e9e<\/li>\n<li>\u2705 Basses profondes<\/li>\n<li>\u2705 Bluetooth int\u00e9gr\u00e9<\/li>\n<li>\u2705 Alimentation secteur\/batterie<\/li>\n<\/ul>\n<p>ABAWI Audio | 77 518 50 50 | Dakar S\u00e9n\u00e9gal<\/p>\n","protected":false},"excerpt":{"rendered":"<p>Enceinte\/Baffle Zqs8223 | Son puissant, Bluetooth, USB | ABAWI Dakar \u2014 Audio &#038; Son<\/p>\n","protected":false},"featured_media":37591,"comment_status":"open","ping_status":"closed","template":"","meta":{"om_disable_all_campaigns":false},"product_brand":[],"product_cat":[417],"product_tag":[440],"class_list":{"0":"post-38175","1":"product","2":"type-product","3":"status-publish","4":"has-post-thumbnail","6":"product_cat-baffle","7":"product_tag-zqs8223","9":"first","10":"instock","11":"shipping-taxable","12":"purchasable","13":"product-type-simple"},"_links":{"self":[{"href":"https:\/\/abawi.sn\/en\/wp-json\/wp\/v2\/product\/38175","targetHints":{"allow":["GET"]}}],"collection":[{"href":"https:\/\/abawi.sn\/en\/wp-json\/wp\/v2\/product"}],"about":[{"href":"https:\/\/abawi.sn\/en\/wp-json\/wp\/v2\/types\/product"}],"replies":[{"embeddable":true,"href":"https:\/\/abawi.sn\/en\/wp-json\/wp\/v2\/comments?post=38175"}],"version-history":[{"count":1,"href":"https:\/\/abawi.sn\/en\/wp-json\/wp\/v2\/product\/38175\/revisions"}],"predecessor-version":[{"id":38176,"href":"https:\/\/abawi.sn\/en\/wp-json\/wp\/v2\/product\/38175\/revisions\/38176"}],"wp:featuredmedia":[{"embeddable":true,"href":"https:\/\/abawi.sn\/en\/wp-json\/wp\/v2\/media\/37591"}],"wp:attachment":[{"href":"https:\/\/abawi.sn\/en\/wp-json\/wp\/v2\/media?parent=38175"}],"wp:term":[{"taxonomy":"product_brand","embeddable":true,"href":"https:\/\/abawi.sn\/en\/wp-json\/wp\/v2\/product_brand?post=38175"},{"taxonomy":"product_cat","embeddable":true,"href":"https:\/\/abawi.sn\/en\/wp-json\/wp\/v2\/product_cat?post=38175"},{"taxonomy":"product_tag","embeddable":true,"href":"https:\/\/abawi.sn\/en\/wp-json\/wp\/v2\/product_tag?post=38175"}],"curies":[{"name":"wp","href":"https:\/\/api.w.org\/{rel}","templated":true}]}}