{"id":39309,"date":"2026-03-30T14:29:33","date_gmt":"2026-03-30T14:29:33","guid":{"rendered":"https:\/\/abawi.sn\/?post_type=product&#038;p=39309"},"modified":"2026-03-30T14:29:33","modified_gmt":"2026-03-30T14:29:33","slug":"boitier-disque-dur-u25b-2-5hdd-external-case-usb2-0-boite-blanch","status":"publish","type":"product","link":"https:\/\/abawi.sn\/en\/product\/boitier-disque-dur-u25b-2-5hdd-external-case-usb2-0-boite-blanch\/","title":{"rendered":"&#8220;BOITIER DISQUE DUR U25B 2.5&#8243;&#8221;HDD EXTERNAL CASE \/ USB2.0 BOITE BLANCH"},"content":{"rendered":"<p><strong>&#8220;BOITIER DISQUE DUR U25B 2.5&#8243;&#8221;HDD EXTERNAL CASE \/ USB2.0 BOITE BLANCH<\/strong> \u2014 Disponible chez <strong>ABAWI Dakar<\/strong>, votre r\u00e9f\u00e9rence en informatique et \u00e9lectronique au S\u00e9n\u00e9gal.<\/p>\n<p>Produit de qualit\u00e9, en stock imm\u00e9diat. Livraison \u00e0 Dakar et dans les r\u00e9gions du S\u00e9n\u00e9gal.<\/p>\n<ul>\n<li>\u2705 En stock imm\u00e9diat<\/li>\n<li>\u2705 Qualit\u00e9 garantie<\/li>\n<li>\u2705 Livraison Dakar et r\u00e9gions<\/li>\n<li>\u2705 SAV disponible<\/li>\n<\/ul>\n<p><strong>ABAWI<\/strong> \u2014  | 77 518 50 50 \/ 78 583 38 10<\/p>\n","protected":false},"excerpt":{"rendered":"<p>&#8220;BOITIER DISQUE DUR U25B 2.5&#8243;&#8221;HDD EXTERNAL CASE \/ USB2.0 BOITE BLANCH | BOITIER DISQUE DUR &#8220;boitier | Disponible chez ABAWI Dakar<\/p>\n","protected":false},"featured_media":35489,"comment_status":"open","ping_status":"closed","template":"","meta":{"om_disable_all_campaigns":false},"product_brand":[],"product_cat":[466],"product_tag":[469],"class_list":{"0":"post-39309","1":"product","2":"type-product","3":"status-publish","4":"has-post-thumbnail","6":"product_cat-boitier-disque-dur","7":"product_tag-boitier-2","9":"first","10":"instock","11":"shipping-taxable","12":"purchasable","13":"product-type-simple"},"_links":{"self":[{"href":"https:\/\/abawi.sn\/en\/wp-json\/wp\/v2\/product\/39309","targetHints":{"allow":["GET"]}}],"collection":[{"href":"https:\/\/abawi.sn\/en\/wp-json\/wp\/v2\/product"}],"about":[{"href":"https:\/\/abawi.sn\/en\/wp-json\/wp\/v2\/types\/product"}],"replies":[{"embeddable":true,"href":"https:\/\/abawi.sn\/en\/wp-json\/wp\/v2\/comments?post=39309"}],"version-history":[{"count":1,"href":"https:\/\/abawi.sn\/en\/wp-json\/wp\/v2\/product\/39309\/revisions"}],"predecessor-version":[{"id":39310,"href":"https:\/\/abawi.sn\/en\/wp-json\/wp\/v2\/product\/39309\/revisions\/39310"}],"wp:featuredmedia":[{"embeddable":true,"href":"https:\/\/abawi.sn\/en\/wp-json\/wp\/v2\/media\/35489"}],"wp:attachment":[{"href":"https:\/\/abawi.sn\/en\/wp-json\/wp\/v2\/media?parent=39309"}],"wp:term":[{"taxonomy":"product_brand","embeddable":true,"href":"https:\/\/abawi.sn\/en\/wp-json\/wp\/v2\/product_brand?post=39309"},{"taxonomy":"product_cat","embeddable":true,"href":"https:\/\/abawi.sn\/en\/wp-json\/wp\/v2\/product_cat?post=39309"},{"taxonomy":"product_tag","embeddable":true,"href":"https:\/\/abawi.sn\/en\/wp-json\/wp\/v2\/product_tag?post=39309"}],"curies":[{"name":"wp","href":"https:\/\/api.w.org\/{rel}","templated":true}]}}