{"id":40940,"date":"2026-03-30T15:55:42","date_gmt":"2026-03-30T15:55:42","guid":{"rendered":"https:\/\/abawi.sn\/?post_type=product&#038;p=40940"},"modified":"2026-03-30T15:55:42","modified_gmt":"2026-03-30T15:55:42","slug":"kodak-alcaline-batterie-aaa-10paquets","status":"publish","type":"product","link":"https:\/\/abawi.sn\/en\/product\/kodak-alcaline-batterie-aaa-10paquets\/","title":{"rendered":"KODAK ALCALINE BATTERIE AAA \/ 10Paquets"},"content":{"rendered":"<p><strong>KODAK ALCALINE BATTERIE AAA \/ 10Paquets<\/strong> \u2014 Disponible chez <strong>ABAWI Dakar<\/strong>, votre r\u00e9f\u00e9rence en informatique et \u00e9lectronique au S\u00e9n\u00e9gal.<\/p>\n<p>Produit de qualit\u00e9, en stock imm\u00e9diat. Livraison \u00e0 Dakar et dans les r\u00e9gions du S\u00e9n\u00e9gal.<\/p>\n<ul>\n<li>\u2705 En stock imm\u00e9diat<\/li>\n<li>\u2705 Qualit\u00e9 garantie<\/li>\n<li>\u2705 Livraison Dakar et r\u00e9gions<\/li>\n<li>\u2705 SAV disponible<\/li>\n<\/ul>\n<p><strong>ABAWI<\/strong> \u2014  | 77 518 50 50 \/ 78 583 38 10<\/p>\n","protected":false},"excerpt":{"rendered":"<p>KODAK ALCALINE BATTERIE AAA \/ 10Paquets | MATERIEL ELECTROMENAGER Kodak | Disponible chez ABAWI Dakar<\/p>\n","protected":false},"featured_media":40723,"comment_status":"open","ping_status":"closed","template":"","meta":{"om_disable_all_campaigns":false},"product_brand":[],"product_cat":[514],"product_tag":[523],"class_list":{"0":"post-40940","1":"product","2":"type-product","3":"status-publish","4":"has-post-thumbnail","6":"product_cat-materiel-electromenager","7":"product_tag-kodak","9":"first","10":"instock","11":"shipping-taxable","12":"purchasable","13":"product-type-simple"},"_links":{"self":[{"href":"https:\/\/abawi.sn\/en\/wp-json\/wp\/v2\/product\/40940","targetHints":{"allow":["GET"]}}],"collection":[{"href":"https:\/\/abawi.sn\/en\/wp-json\/wp\/v2\/product"}],"about":[{"href":"https:\/\/abawi.sn\/en\/wp-json\/wp\/v2\/types\/product"}],"replies":[{"embeddable":true,"href":"https:\/\/abawi.sn\/en\/wp-json\/wp\/v2\/comments?post=40940"}],"version-history":[{"count":1,"href":"https:\/\/abawi.sn\/en\/wp-json\/wp\/v2\/product\/40940\/revisions"}],"predecessor-version":[{"id":40941,"href":"https:\/\/abawi.sn\/en\/wp-json\/wp\/v2\/product\/40940\/revisions\/40941"}],"wp:featuredmedia":[{"embeddable":true,"href":"https:\/\/abawi.sn\/en\/wp-json\/wp\/v2\/media\/40723"}],"wp:attachment":[{"href":"https:\/\/abawi.sn\/en\/wp-json\/wp\/v2\/media?parent=40940"}],"wp:term":[{"taxonomy":"product_brand","embeddable":true,"href":"https:\/\/abawi.sn\/en\/wp-json\/wp\/v2\/product_brand?post=40940"},{"taxonomy":"product_cat","embeddable":true,"href":"https:\/\/abawi.sn\/en\/wp-json\/wp\/v2\/product_cat?post=40940"},{"taxonomy":"product_tag","embeddable":true,"href":"https:\/\/abawi.sn\/en\/wp-json\/wp\/v2\/product_tag?post=40940"}],"curies":[{"name":"wp","href":"https:\/\/api.w.org\/{rel}","templated":true}]}}