{"id":42603,"date":"2026-03-30T17:32:01","date_gmt":"2026-03-30T17:32:01","guid":{"rendered":"https:\/\/abawi.sn\/?post_type=product&#038;p=42603"},"modified":"2026-03-30T17:32:01","modified_gmt":"2026-03-30T17:32:01","slug":"boombest-speaker-bluetooth-wireless-ln-1036bt","status":"publish","type":"product","link":"https:\/\/abawi.sn\/en\/product\/boombest-speaker-bluetooth-wireless-ln-1036bt\/","title":{"rendered":"BOOMBEST SPEAKER BLUETOOTH WIRELESS LN-1036BT"},"content":{"rendered":"<p><strong>BOOMBEST SPEAKER BLUETOOTH WIRELESS LN-1036BT<\/strong> \u2014 Radio disponible chez <strong>ABAWI Dakar<\/strong>.<\/p>\n<p>Restez inform\u00e9 et divertissez-vous avec cette radio de qualit\u00e9. R\u00e9ception FM\/AM claire, compatibilit\u00e9 Bluetooth et USB, autonomie batterie longue dur\u00e9e.<\/p>\n<ul>\n<li>\u2705 R\u00e9ception FM\/AM<\/li>\n<li>\u2705 Bluetooth &#038; USB<\/li>\n<li>\u2705 Autonomie batterie<\/li>\n<li>\u2705 Id\u00e9ale domicile et d\u00e9placements<\/li>\n<\/ul>\n<p>ABAWI \u00c9lectronique | 77 518 50 50 | Dakar<\/p>\n","protected":false},"excerpt":{"rendered":"<p>Radio Boombest | FM\/AM, Bluetooth, USB, solaire | ABAWI Dakar<\/p>\n","protected":false},"featured_media":37790,"comment_status":"open","ping_status":"closed","template":"","meta":{"om_disable_all_campaigns":false},"product_brand":[],"product_cat":[584],"product_tag":[449],"class_list":{"0":"post-42603","1":"product","2":"type-product","3":"status-publish","4":"has-post-thumbnail","6":"product_cat-radio","7":"product_tag-boombest","9":"first","10":"instock","11":"shipping-taxable","12":"purchasable","13":"product-type-simple"},"_links":{"self":[{"href":"https:\/\/abawi.sn\/en\/wp-json\/wp\/v2\/product\/42603","targetHints":{"allow":["GET"]}}],"collection":[{"href":"https:\/\/abawi.sn\/en\/wp-json\/wp\/v2\/product"}],"about":[{"href":"https:\/\/abawi.sn\/en\/wp-json\/wp\/v2\/types\/product"}],"replies":[{"embeddable":true,"href":"https:\/\/abawi.sn\/en\/wp-json\/wp\/v2\/comments?post=42603"}],"version-history":[{"count":1,"href":"https:\/\/abawi.sn\/en\/wp-json\/wp\/v2\/product\/42603\/revisions"}],"predecessor-version":[{"id":42604,"href":"https:\/\/abawi.sn\/en\/wp-json\/wp\/v2\/product\/42603\/revisions\/42604"}],"wp:featuredmedia":[{"embeddable":true,"href":"https:\/\/abawi.sn\/en\/wp-json\/wp\/v2\/media\/37790"}],"wp:attachment":[{"href":"https:\/\/abawi.sn\/en\/wp-json\/wp\/v2\/media?parent=42603"}],"wp:term":[{"taxonomy":"product_brand","embeddable":true,"href":"https:\/\/abawi.sn\/en\/wp-json\/wp\/v2\/product_brand?post=42603"},{"taxonomy":"product_cat","embeddable":true,"href":"https:\/\/abawi.sn\/en\/wp-json\/wp\/v2\/product_cat?post=42603"},{"taxonomy":"product_tag","embeddable":true,"href":"https:\/\/abawi.sn\/en\/wp-json\/wp\/v2\/product_tag?post=42603"}],"curies":[{"name":"wp","href":"https:\/\/api.w.org\/{rel}","templated":true}]}}