{"id":43355,"date":"2026-03-30T18:05:10","date_gmt":"2026-03-30T18:05:10","guid":{"rendered":"https:\/\/abawi.sn\/?post_type=product&#038;p=43355"},"modified":"2026-03-30T18:05:10","modified_gmt":"2026-03-30T18:05:10","slug":"support-mural-ring-light-slp-qbzj100-lmin-97cm-lmax-175cm","status":"publish","type":"product","link":"https:\/\/abawi.sn\/en\/product\/support-mural-ring-light-slp-qbzj100-lmin-97cm-lmax-175cm\/","title":{"rendered":"SUPPORT MURAL RING LIGHT SLP-QBZJ100 LMIN 97CM \/ LMAX 175CM"},"content":{"rendered":"<p><strong>SUPPORT MURAL RING LIGHT SLP-QBZJ100 LMIN 97CM \/ LMAX 175CM<\/strong> \u2014 Disponible chez <strong>ABAWI Dakar<\/strong>, votre r\u00e9f\u00e9rence en informatique et \u00e9lectronique au S\u00e9n\u00e9gal.<\/p>\n<p>Produit de qualit\u00e9, en stock imm\u00e9diat. Livraison \u00e0 Dakar et dans les r\u00e9gions du S\u00e9n\u00e9gal.<\/p>\n<ul>\n<li>\u2705 En stock imm\u00e9diat<\/li>\n<li>\u2705 Qualit\u00e9 garantie<\/li>\n<li>\u2705 Livraison Dakar et r\u00e9gions<\/li>\n<li>\u2705 SAV disponible<\/li>\n<\/ul>\n<p><strong>ABAWI<\/strong> \u2014  | 77 518 50 50 \/ 78 583 38 10<\/p>\n","protected":false},"excerpt":{"rendered":"<p>SUPPORT MURAL RING LIGHT SLP-QBZJ100 LMIN 97CM \/ LMAX 175CM | SUPPORT MURAL Support | Disponible chez ABAWI Dakar<\/p>\n","protected":false},"featured_media":35852,"comment_status":"open","ping_status":"closed","template":"","meta":{"om_disable_all_campaigns":false},"product_brand":[],"product_cat":[],"product_tag":[],"class_list":{"0":"post-43355","1":"product","2":"type-product","3":"status-publish","4":"has-post-thumbnail","7":"first","8":"instock","9":"shipping-taxable","10":"purchasable","11":"product-type-simple"},"_links":{"self":[{"href":"https:\/\/abawi.sn\/en\/wp-json\/wp\/v2\/product\/43355","targetHints":{"allow":["GET"]}}],"collection":[{"href":"https:\/\/abawi.sn\/en\/wp-json\/wp\/v2\/product"}],"about":[{"href":"https:\/\/abawi.sn\/en\/wp-json\/wp\/v2\/types\/product"}],"replies":[{"embeddable":true,"href":"https:\/\/abawi.sn\/en\/wp-json\/wp\/v2\/comments?post=43355"}],"version-history":[{"count":1,"href":"https:\/\/abawi.sn\/en\/wp-json\/wp\/v2\/product\/43355\/revisions"}],"predecessor-version":[{"id":43356,"href":"https:\/\/abawi.sn\/en\/wp-json\/wp\/v2\/product\/43355\/revisions\/43356"}],"wp:featuredmedia":[{"embeddable":true,"href":"https:\/\/abawi.sn\/en\/wp-json\/wp\/v2\/media\/35852"}],"wp:attachment":[{"href":"https:\/\/abawi.sn\/en\/wp-json\/wp\/v2\/media?parent=43355"}],"wp:term":[{"taxonomy":"product_brand","embeddable":true,"href":"https:\/\/abawi.sn\/en\/wp-json\/wp\/v2\/product_brand?post=43355"},{"taxonomy":"product_cat","embeddable":true,"href":"https:\/\/abawi.sn\/en\/wp-json\/wp\/v2\/product_cat?post=43355"},{"taxonomy":"product_tag","embeddable":true,"href":"https:\/\/abawi.sn\/en\/wp-json\/wp\/v2\/product_tag?post=43355"}],"curies":[{"name":"wp","href":"https:\/\/api.w.org\/{rel}","templated":true}]}}