{"id":43845,"date":"2026-03-30T18:52:24","date_gmt":"2026-03-30T18:52:24","guid":{"rendered":"https:\/\/abawi.sn\/?post_type=product&#038;p=43845"},"modified":"2026-03-30T18:52:25","modified_gmt":"2026-03-30T18:52:25","slug":"apple-ipad-magic-keyboard-ipad-pro-11-2021-black-en","status":"publish","type":"product","link":"https:\/\/abawi.sn\/en\/product\/apple-ipad-magic-keyboard-ipad-pro-11-2021-black-en\/","title":{"rendered":"&#8220;Apple Ipad Magic Keyboard iPad Pro 11&#8243;&#8221; (2021) Black\/EN&#8221;"},"content":{"rendered":"<p><strong>&#8220;Apple Ipad Magic Keyboard iPad Pro 11&#8243;&#8221; (2021) Black\/EN&#8221;<\/strong> \u2014 Tablette tactile disponible chez <strong>ABAWI Dakar<\/strong>.<\/p>\n<p>Travaillez, apprenez et divertissez-vous avec cette tablette performante. Grande autonomie, \u00e9cran lumineux, id\u00e9ale pour les \u00e9tudiants et professionnels au S\u00e9n\u00e9gal.<\/p>\n<ul>\n<li>\u2705 \u00c9cran Full HD grande taille<\/li>\n<li>\u2705 Processeur rapide<\/li>\n<li>\u2705 Autonomie toute la journ\u00e9e<\/li>\n<li>\u2705 Compatible 4G selon mod\u00e8le<\/li>\n<\/ul>\n<p>ABAWI Mobile | 77 518 50 50 | Dakar<\/p>\n","protected":false},"excerpt":{"rendered":"<p>Tablette &#8220;apple | Android, iPad, \u00e9cran HD | ABAWI Dakar \u2014 Informatique mobile<\/p>\n","protected":false},"featured_media":43846,"comment_status":"open","ping_status":"closed","template":"","meta":{"om_disable_all_campaigns":false},"product_brand":[],"product_cat":[623],"product_tag":[624],"class_list":{"0":"post-43845","1":"product","2":"type-product","3":"status-publish","4":"has-post-thumbnail","6":"product_cat-tablettes","7":"product_tag-apple-2","9":"first","10":"instock","11":"shipping-taxable","12":"purchasable","13":"product-type-simple"},"_links":{"self":[{"href":"https:\/\/abawi.sn\/en\/wp-json\/wp\/v2\/product\/43845","targetHints":{"allow":["GET"]}}],"collection":[{"href":"https:\/\/abawi.sn\/en\/wp-json\/wp\/v2\/product"}],"about":[{"href":"https:\/\/abawi.sn\/en\/wp-json\/wp\/v2\/types\/product"}],"replies":[{"embeddable":true,"href":"https:\/\/abawi.sn\/en\/wp-json\/wp\/v2\/comments?post=43845"}],"version-history":[{"count":1,"href":"https:\/\/abawi.sn\/en\/wp-json\/wp\/v2\/product\/43845\/revisions"}],"predecessor-version":[{"id":43847,"href":"https:\/\/abawi.sn\/en\/wp-json\/wp\/v2\/product\/43845\/revisions\/43847"}],"wp:featuredmedia":[{"embeddable":true,"href":"https:\/\/abawi.sn\/en\/wp-json\/wp\/v2\/media\/43846"}],"wp:attachment":[{"href":"https:\/\/abawi.sn\/en\/wp-json\/wp\/v2\/media?parent=43845"}],"wp:term":[{"taxonomy":"product_brand","embeddable":true,"href":"https:\/\/abawi.sn\/en\/wp-json\/wp\/v2\/product_brand?post=43845"},{"taxonomy":"product_cat","embeddable":true,"href":"https:\/\/abawi.sn\/en\/wp-json\/wp\/v2\/product_cat?post=43845"},{"taxonomy":"product_tag","embeddable":true,"href":"https:\/\/abawi.sn\/en\/wp-json\/wp\/v2\/product_tag?post=43845"}],"curies":[{"name":"wp","href":"https:\/\/api.w.org\/{rel}","templated":true}]}}