{"id":43856,"date":"2026-03-30T18:52:28","date_gmt":"2026-03-30T18:52:28","guid":{"rendered":"https:\/\/abawi.sn\/?post_type=product&#038;p=43856"},"modified":"2026-03-30T18:52:28","modified_gmt":"2026-03-30T18:52:28","slug":"amazon-fire-hd-8-2022-64gb-8-noir-bleu-rose","status":"publish","type":"product","link":"https:\/\/abawi.sn\/en\/product\/amazon-fire-hd-8-2022-64gb-8-noir-bleu-rose\/","title":{"rendered":"&#8220;Amazon Fire HD 8 2022 64GB 8&#8243;&#8221; \/ noir-bleu-rose&#8221;"},"content":{"rendered":"<p><strong>&#8220;Amazon Fire HD 8 2022 64GB 8&#8243;&#8221; \/ noir-bleu-rose&#8221;<\/strong> \u2014 Tablette tactile disponible chez <strong>ABAWI Dakar<\/strong>.<\/p>\n<p>Travaillez, apprenez et divertissez-vous avec cette tablette performante. Grande autonomie, \u00e9cran lumineux, id\u00e9ale pour les \u00e9tudiants et professionnels au S\u00e9n\u00e9gal.<\/p>\n<ul>\n<li>\u2705 \u00c9cran Full HD grande taille<\/li>\n<li>\u2705 Processeur rapide<\/li>\n<li>\u2705 Autonomie toute la journ\u00e9e<\/li>\n<li>\u2705 Compatible 4G selon mod\u00e8le<\/li>\n<\/ul>\n<p>ABAWI Mobile | 77 518 50 50 | Dakar<\/p>\n","protected":false},"excerpt":{"rendered":"<p>Tablette &#8220;amazon | Android, iPad, \u00e9cran HD | ABAWI Dakar \u2014 Informatique mobile<\/p>\n","protected":false},"featured_media":43478,"comment_status":"open","ping_status":"closed","template":"","meta":{"om_disable_all_campaigns":false},"product_brand":[],"product_cat":[623],"product_tag":[626],"class_list":{"0":"post-43856","1":"product","2":"type-product","3":"status-publish","4":"has-post-thumbnail","6":"product_cat-tablettes","7":"product_tag-amazon-2","9":"first","10":"instock","11":"shipping-taxable","12":"purchasable","13":"product-type-simple"},"_links":{"self":[{"href":"https:\/\/abawi.sn\/en\/wp-json\/wp\/v2\/product\/43856","targetHints":{"allow":["GET"]}}],"collection":[{"href":"https:\/\/abawi.sn\/en\/wp-json\/wp\/v2\/product"}],"about":[{"href":"https:\/\/abawi.sn\/en\/wp-json\/wp\/v2\/types\/product"}],"replies":[{"embeddable":true,"href":"https:\/\/abawi.sn\/en\/wp-json\/wp\/v2\/comments?post=43856"}],"version-history":[{"count":1,"href":"https:\/\/abawi.sn\/en\/wp-json\/wp\/v2\/product\/43856\/revisions"}],"predecessor-version":[{"id":43857,"href":"https:\/\/abawi.sn\/en\/wp-json\/wp\/v2\/product\/43856\/revisions\/43857"}],"wp:featuredmedia":[{"embeddable":true,"href":"https:\/\/abawi.sn\/en\/wp-json\/wp\/v2\/media\/43478"}],"wp:attachment":[{"href":"https:\/\/abawi.sn\/en\/wp-json\/wp\/v2\/media?parent=43856"}],"wp:term":[{"taxonomy":"product_brand","embeddable":true,"href":"https:\/\/abawi.sn\/en\/wp-json\/wp\/v2\/product_brand?post=43856"},{"taxonomy":"product_cat","embeddable":true,"href":"https:\/\/abawi.sn\/en\/wp-json\/wp\/v2\/product_cat?post=43856"},{"taxonomy":"product_tag","embeddable":true,"href":"https:\/\/abawi.sn\/en\/wp-json\/wp\/v2\/product_tag?post=43856"}],"curies":[{"name":"wp","href":"https:\/\/api.w.org\/{rel}","templated":true}]}}