{"id":46914,"date":"2026-03-30T20:47:59","date_gmt":"2026-03-30T20:47:59","guid":{"rendered":"https:\/\/abawi.sn\/?post_type=product&#038;p=46914"},"modified":"2026-04-02T16:30:17","modified_gmt":"2026-04-02T16:30:17","slug":"viewsonic-kit-de-diffusion-decran-sans-fil-usb-c-pj-wpd-700","status":"publish","type":"product","link":"https:\/\/abawi.sn\/en\/product\/viewsonic-kit-de-diffusion-decran-sans-fil-usb-c-pj-wpd-700\/","title":{"rendered":"VIEWSONIC Kit de diffusion d&#8217;\u00e9cran sans fil USB-C PJ WPD-700"},"content":{"rendered":"<p><strong>VIEWSONIC Kit de diffusion d&#8217;\u00e9cran sans fil USB-C PJ WPD-700<\/strong> \u2014 Vid\u00e9oprojecteur disponible chez <strong>ABAWI Dakar<\/strong>.<\/p>\n<p>Diffusez vos pr\u00e9sentations, films et cours en grand format avec ce projecteur performant. Id\u00e9al pour les salles de r\u00e9union, classes et home cin\u00e9ma au S\u00e9n\u00e9gal.<\/p>\n<ul>\n<li>\u2705 R\u00e9solution Full HD \/ 4K<\/li>\n<li>\u2705 Luminosit\u00e9 \u00e9lev\u00e9e (ANSI Lumens)<\/li>\n<li>\u2705 Connexion HDMI, USB, WiFi<\/li>\n<li>\u2705 Dur\u00e9e de vie lampe longue<\/li>\n<\/ul>\n<p>ABAWI Projection | 77 518 50 50 | Dakar<\/p>\n","protected":false},"excerpt":{"rendered":"<p>Vid\u00e9oprojecteur Viewsonic | Full HD, 4K, WiFi, portable | ABAWI Dakar \u2014 Projection &amp; Pr\u00e9sentation<\/p>\n","protected":false},"featured_media":47261,"comment_status":"open","ping_status":"closed","template":"","meta":{"om_disable_all_campaigns":false},"product_brand":[],"product_cat":[678],"product_tag":[683],"class_list":{"0":"post-46914","1":"product","2":"type-product","3":"status-publish","4":"has-post-thumbnail","6":"product_cat-video-projecteur","7":"product_tag-viewsonic","9":"first","10":"instock","11":"shipping-taxable","12":"purchasable","13":"product-type-simple"},"_links":{"self":[{"href":"https:\/\/abawi.sn\/en\/wp-json\/wp\/v2\/product\/46914","targetHints":{"allow":["GET"]}}],"collection":[{"href":"https:\/\/abawi.sn\/en\/wp-json\/wp\/v2\/product"}],"about":[{"href":"https:\/\/abawi.sn\/en\/wp-json\/wp\/v2\/types\/product"}],"replies":[{"embeddable":true,"href":"https:\/\/abawi.sn\/en\/wp-json\/wp\/v2\/comments?post=46914"}],"version-history":[{"count":2,"href":"https:\/\/abawi.sn\/en\/wp-json\/wp\/v2\/product\/46914\/revisions"}],"predecessor-version":[{"id":47265,"href":"https:\/\/abawi.sn\/en\/wp-json\/wp\/v2\/product\/46914\/revisions\/47265"}],"wp:featuredmedia":[{"embeddable":true,"href":"https:\/\/abawi.sn\/en\/wp-json\/wp\/v2\/media\/47261"}],"wp:attachment":[{"href":"https:\/\/abawi.sn\/en\/wp-json\/wp\/v2\/media?parent=46914"}],"wp:term":[{"taxonomy":"product_brand","embeddable":true,"href":"https:\/\/abawi.sn\/en\/wp-json\/wp\/v2\/product_brand?post=46914"},{"taxonomy":"product_cat","embeddable":true,"href":"https:\/\/abawi.sn\/en\/wp-json\/wp\/v2\/product_cat?post=46914"},{"taxonomy":"product_tag","embeddable":true,"href":"https:\/\/abawi.sn\/en\/wp-json\/wp\/v2\/product_tag?post=46914"}],"curies":[{"name":"wp","href":"https:\/\/api.w.org\/{rel}","templated":true}]}}