{"id":47119,"date":"2026-03-30T20:51:53","date_gmt":"2026-03-30T20:51:53","guid":{"rendered":"https:\/\/abawi.sn\/?post_type=product&#038;p=47119"},"modified":"2026-04-01T22:33:24","modified_gmt":"2026-04-01T22:33:24","slug":"rapoo-haut-parleur-omnidirectionnel-bluetooth-cm500","status":"publish","type":"product","link":"https:\/\/abawi.sn\/en\/product\/rapoo-haut-parleur-omnidirectionnel-bluetooth-cm500\/","title":{"rendered":"RAPOO Haut parleur omnidirectionnel BLUETOOTH CM500"},"content":{"rendered":"<p><strong>RAPOO Haut parleur omnidirectionnel BLUETOOTH CM500<\/strong> \u2014 Webcam disponible chez <strong>ABAWI Dakar<\/strong>.<\/p>\n<p>Am\u00e9liorez la qualit\u00e9 de vos visioconf\u00e9rences, cours en ligne et streams. Compatible Zoom, Teams, Google Meet, OBS. Plug &amp; Play, aucun driver requis.<\/p>\n<ul>\n<li>\u2705 R\u00e9solution Full HD \/ 4K<\/li>\n<li>\u2705 Microphone int\u00e9gr\u00e9<\/li>\n<li>\u2705 Grand angle<\/li>\n<li>\u2705 Compatible Windows &amp; Mac<\/li>\n<\/ul>\n<p>ABAWI | 77 518 50 50 | Dakar<\/p>\n","protected":false},"excerpt":{"rendered":"<p>Webcam Rapoo | Full HD, 4K, streaming, visioconf\u00e9rence | ABAWI Dakar<\/p>\n","protected":false},"featured_media":47193,"comment_status":"open","ping_status":"closed","template":"","meta":{"om_disable_all_campaigns":false},"product_brand":[],"product_cat":[684],"product_tag":[685],"class_list":{"0":"post-47119","1":"product","2":"type-product","3":"status-publish","4":"has-post-thumbnail","6":"product_cat-webcam","7":"product_tag-rapoo","9":"first","10":"instock","11":"shipping-taxable","12":"purchasable","13":"product-type-simple"},"_links":{"self":[{"href":"https:\/\/abawi.sn\/en\/wp-json\/wp\/v2\/product\/47119","targetHints":{"allow":["GET"]}}],"collection":[{"href":"https:\/\/abawi.sn\/en\/wp-json\/wp\/v2\/product"}],"about":[{"href":"https:\/\/abawi.sn\/en\/wp-json\/wp\/v2\/types\/product"}],"replies":[{"embeddable":true,"href":"https:\/\/abawi.sn\/en\/wp-json\/wp\/v2\/comments?post=47119"}],"version-history":[{"count":2,"href":"https:\/\/abawi.sn\/en\/wp-json\/wp\/v2\/product\/47119\/revisions"}],"predecessor-version":[{"id":47194,"href":"https:\/\/abawi.sn\/en\/wp-json\/wp\/v2\/product\/47119\/revisions\/47194"}],"wp:featuredmedia":[{"embeddable":true,"href":"https:\/\/abawi.sn\/en\/wp-json\/wp\/v2\/media\/47193"}],"wp:attachment":[{"href":"https:\/\/abawi.sn\/en\/wp-json\/wp\/v2\/media?parent=47119"}],"wp:term":[{"taxonomy":"product_brand","embeddable":true,"href":"https:\/\/abawi.sn\/en\/wp-json\/wp\/v2\/product_brand?post=47119"},{"taxonomy":"product_cat","embeddable":true,"href":"https:\/\/abawi.sn\/en\/wp-json\/wp\/v2\/product_cat?post=47119"},{"taxonomy":"product_tag","embeddable":true,"href":"https:\/\/abawi.sn\/en\/wp-json\/wp\/v2\/product_tag?post=47119"}],"curies":[{"name":"wp","href":"https:\/\/api.w.org\/{rel}","templated":true}]}}