{"id":30721,"date":"2026-03-27T00:36:49","date_gmt":"2026-03-27T00:36:49","guid":{"rendered":"https:\/\/abawi.sn\/product\/set-de-ciseaux-pour-coiffeur-6\/"},"modified":"2026-03-27T00:36:50","modified_gmt":"2026-03-27T00:36:50","slug":"set-de-ciseaux-pour-coiffeur-6","status":"publish","type":"product","link":"https:\/\/abawi.sn\/fr\/produit\/set-de-ciseaux-pour-coiffeur-6\/","title":{"rendered":"\u00ab\u00a0SET DE CISEAUX POUR COIFFEUR 6&Prime;\u00a0\u00bb\u00a0\u00bb"},"content":{"rendered":"<p><strong>\u00ab\u00a0SET DE CISEAUX POUR COIFFEUR 6&Prime;\u00a0\u00bb\u00a0\u00bb<\/strong> \u2014 Mat\u00e9riel de coiffure professionnel en vente chez <strong>ABAWI<\/strong> \u00e0 Dakar.<\/p>\n<p>Cet accessoire est con\u00e7u pour les coiffeurs professionnels et particuliers. Robuste, efficace et facile d&rsquo;utilisation. Id\u00e9al pour les salons de coiffure au S\u00e9n\u00e9gal.<\/p>\n<ul>\n<li>\u2705 Qualit\u00e9 professionnelle<\/li>\n<li>\u2705 Utilisation quotidienne<\/li>\n<li>\u2705 Pi\u00e8ces disponibles<\/li>\n<li>\u2705 Livraison Dakar<\/li>\n<\/ul>\n<p>Visitez notre boutique : <\/p>\n","protected":false},"excerpt":{"rendered":"<p>\u00ab\u00a0SET DE CISEAUX POUR COIFFEUR 6&Prime;\u00a0\u00bb\u00a0\u00bb \u2014 Mat\u00e9riel de coiffure professionnel en vente chez ABAWI \u00e0 Dakar. Cet accessoire est<\/p>\n","protected":false},"featured_media":0,"comment_status":"1","ping_status":"closed","template":"","meta":{"om_disable_all_campaigns":false},"product_brand":[],"product_cat":[18],"product_tag":[],"class_list":{"0":"post-30721","1":"product","2":"type-product","3":"status-publish","5":"product_cat-uncategorized","7":"first","8":"instock","9":"shipping-taxable","10":"purchasable","11":"product-type-simple"},"_links":{"self":[{"href":"https:\/\/abawi.sn\/fr\/wp-json\/wp\/v2\/product\/30721","targetHints":{"allow":["GET"]}}],"collection":[{"href":"https:\/\/abawi.sn\/fr\/wp-json\/wp\/v2\/product"}],"about":[{"href":"https:\/\/abawi.sn\/fr\/wp-json\/wp\/v2\/types\/product"}],"replies":[{"embeddable":true,"href":"https:\/\/abawi.sn\/fr\/wp-json\/wp\/v2\/comments?post=30721"}],"version-history":[{"count":1,"href":"https:\/\/abawi.sn\/fr\/wp-json\/wp\/v2\/product\/30721\/revisions"}],"predecessor-version":[{"id":30722,"href":"https:\/\/abawi.sn\/fr\/wp-json\/wp\/v2\/product\/30721\/revisions\/30722"}],"wp:attachment":[{"href":"https:\/\/abawi.sn\/fr\/wp-json\/wp\/v2\/media?parent=30721"}],"wp:term":[{"taxonomy":"product_brand","embeddable":true,"href":"https:\/\/abawi.sn\/fr\/wp-json\/wp\/v2\/product_brand?post=30721"},{"taxonomy":"product_cat","embeddable":true,"href":"https:\/\/abawi.sn\/fr\/wp-json\/wp\/v2\/product_cat?post=30721"},{"taxonomy":"product_tag","embeddable":true,"href":"https:\/\/abawi.sn\/fr\/wp-json\/wp\/v2\/product_tag?post=30721"}],"curies":[{"name":"wp","href":"https:\/\/api.w.org\/{rel}","templated":true}]}}