{"id":30871,"date":"2026-03-27T03:14:32","date_gmt":"2026-03-27T03:14:32","guid":{"rendered":"https:\/\/abawi.sn\/product\/airbrush-air-compressor-kit-hsm901k\/"},"modified":"2026-03-27T03:14:33","modified_gmt":"2026-03-27T03:14:33","slug":"airbrush-air-compressor-kit-hsm901k","status":"publish","type":"product","link":"https:\/\/abawi.sn\/fr\/produit\/airbrush-air-compressor-kit-hsm901k\/","title":{"rendered":"AIRBRUSH AIR COMPRESSOR KIT HSM901K"},"content":{"rendered":"<p><strong>AIRBRUSH AIR COMPRESSOR KIT HSM901K<\/strong> \u2014 Mat\u00e9riel de coiffure professionnel en vente chez <strong>ABAWI<\/strong> \u00e0 Dakar.<\/p>\n<p>Cet accessoire est con\u00e7u pour les coiffeurs professionnels et particuliers. Robuste, efficace et facile d&rsquo;utilisation. Id\u00e9al pour les salons de coiffure au S\u00e9n\u00e9gal.<\/p>\n<ul>\n<li>\u2705 Qualit\u00e9 professionnelle<\/li>\n<li>\u2705 Utilisation quotidienne<\/li>\n<li>\u2705 Pi\u00e8ces disponibles<\/li>\n<li>\u2705 Livraison Dakar<\/li>\n<\/ul>\n<p>Visitez notre boutique : <\/p>\n","protected":false},"excerpt":{"rendered":"<p>AIRBRUSH AIR COMPRESSOR KIT HSM901K \u2014 Mat\u00e9riel de coiffure professionnel en vente chez ABAWI \u00e0 Dakar. Cet accessoire est con\u00e7u<\/p>\n","protected":false},"featured_media":0,"comment_status":"1","ping_status":"closed","template":"","meta":{"om_disable_all_campaigns":false},"product_brand":[],"product_cat":[18],"product_tag":[],"class_list":{"0":"post-30871","1":"product","2":"type-product","3":"status-publish","5":"product_cat-uncategorized","7":"first","8":"instock","9":"shipping-taxable","10":"purchasable","11":"product-type-simple"},"_links":{"self":[{"href":"https:\/\/abawi.sn\/fr\/wp-json\/wp\/v2\/product\/30871","targetHints":{"allow":["GET"]}}],"collection":[{"href":"https:\/\/abawi.sn\/fr\/wp-json\/wp\/v2\/product"}],"about":[{"href":"https:\/\/abawi.sn\/fr\/wp-json\/wp\/v2\/types\/product"}],"replies":[{"embeddable":true,"href":"https:\/\/abawi.sn\/fr\/wp-json\/wp\/v2\/comments?post=30871"}],"version-history":[{"count":1,"href":"https:\/\/abawi.sn\/fr\/wp-json\/wp\/v2\/product\/30871\/revisions"}],"predecessor-version":[{"id":30872,"href":"https:\/\/abawi.sn\/fr\/wp-json\/wp\/v2\/product\/30871\/revisions\/30872"}],"wp:attachment":[{"href":"https:\/\/abawi.sn\/fr\/wp-json\/wp\/v2\/media?parent=30871"}],"wp:term":[{"taxonomy":"product_brand","embeddable":true,"href":"https:\/\/abawi.sn\/fr\/wp-json\/wp\/v2\/product_brand?post=30871"},{"taxonomy":"product_cat","embeddable":true,"href":"https:\/\/abawi.sn\/fr\/wp-json\/wp\/v2\/product_cat?post=30871"},{"taxonomy":"product_tag","embeddable":true,"href":"https:\/\/abawi.sn\/fr\/wp-json\/wp\/v2\/product_tag?post=30871"}],"curies":[{"name":"wp","href":"https:\/\/api.w.org\/{rel}","templated":true}]}}