{"id":30902,"date":"2026-03-27T03:50:09","date_gmt":"2026-03-27T03:50:09","guid":{"rendered":"https:\/\/abawi.sn\/product\/airstar-ctr-2000w-110v-220v-ast-2000\/"},"modified":"2026-03-27T03:50:11","modified_gmt":"2026-03-27T03:50:11","slug":"airstar-ctr-2000w-110v-220v-ast-2000","status":"publish","type":"product","link":"https:\/\/abawi.sn\/fr\/produit\/airstar-ctr-2000w-110v-220v-ast-2000\/","title":{"rendered":"AIRSTAR CTR-2000W \/110V-220V \/AST-2000"},"content":{"rendered":"<p><strong>AIRSTAR CTR-2000W \/110V-220V \/AST-2000<\/strong> \u2014 Accessoire \u00e9lectronique de qualit\u00e9 chez <strong>ABAWI Dakar<\/strong>, votre r\u00e9f\u00e9rence en informatique et \u00e9lectronique au S\u00e9n\u00e9gal.<\/p>\n<p>Produit test\u00e9 et garanti, id\u00e9al pour compl\u00e9ter votre setup bureautique, gaming ou professionnel.<\/p>\n<ul>\n<li>\u2705 Qualit\u00e9 contr\u00f4l\u00e9e<\/li>\n<li>\u2705 Compatibilit\u00e9 large<\/li>\n<li>\u2705 Livraison Dakar et r\u00e9gions<\/li>\n<\/ul>\n<p><strong>ABAWI<\/strong> | VDN Libert\u00e9 6 Extension | 77 518 50 50<\/p>\n","protected":false},"excerpt":{"rendered":"<p>AIRSTAR CTR-2000W \/110V-220V \/AST-2000 \u2014 Accessoire \u00e9lectronique de qualit\u00e9 chez ABAWI Dakar, votre r\u00e9f\u00e9rence en informatique et \u00e9lectronique au S\u00e9n\u00e9gal.<\/p>\n","protected":false},"featured_media":0,"comment_status":"1","ping_status":"closed","template":"","meta":{"om_disable_all_campaigns":false},"product_brand":[],"product_cat":[18],"product_tag":[],"class_list":{"0":"post-30902","1":"product","2":"type-product","3":"status-publish","5":"product_cat-uncategorized","7":"first","8":"instock","9":"shipping-taxable","10":"purchasable","11":"product-type-simple"},"_links":{"self":[{"href":"https:\/\/abawi.sn\/fr\/wp-json\/wp\/v2\/product\/30902","targetHints":{"allow":["GET"]}}],"collection":[{"href":"https:\/\/abawi.sn\/fr\/wp-json\/wp\/v2\/product"}],"about":[{"href":"https:\/\/abawi.sn\/fr\/wp-json\/wp\/v2\/types\/product"}],"replies":[{"embeddable":true,"href":"https:\/\/abawi.sn\/fr\/wp-json\/wp\/v2\/comments?post=30902"}],"version-history":[{"count":1,"href":"https:\/\/abawi.sn\/fr\/wp-json\/wp\/v2\/product\/30902\/revisions"}],"predecessor-version":[{"id":30903,"href":"https:\/\/abawi.sn\/fr\/wp-json\/wp\/v2\/product\/30902\/revisions\/30903"}],"wp:attachment":[{"href":"https:\/\/abawi.sn\/fr\/wp-json\/wp\/v2\/media?parent=30902"}],"wp:term":[{"taxonomy":"product_brand","embeddable":true,"href":"https:\/\/abawi.sn\/fr\/wp-json\/wp\/v2\/product_brand?post=30902"},{"taxonomy":"product_cat","embeddable":true,"href":"https:\/\/abawi.sn\/fr\/wp-json\/wp\/v2\/product_cat?post=30902"},{"taxonomy":"product_tag","embeddable":true,"href":"https:\/\/abawi.sn\/fr\/wp-json\/wp\/v2\/product_tag?post=30902"}],"curies":[{"name":"wp","href":"https:\/\/api.w.org\/{rel}","templated":true}]}}