{"id":31035,"date":"2026-03-27T11:49:42","date_gmt":"2026-03-27T11:49:42","guid":{"rendered":"https:\/\/abawi.sn\/product\/xbox-assassins-creed-valhalla-xboxone-cd-de-jeux-2022\/"},"modified":"2026-03-27T11:49:44","modified_gmt":"2026-03-27T11:49:44","slug":"xbox-assassins-creed-valhalla-xboxone-cd-de-jeux-2022","status":"publish","type":"product","link":"https:\/\/abawi.sn\/fr\/produit\/xbox-assassins-creed-valhalla-xboxone-cd-de-jeux-2022\/","title":{"rendered":"XBOX ASSASSINS CREED VALHALLA XBOXONE CD DE JEUX 2022"},"content":{"rendered":"<p><strong>XBOX ASSASSINS CREED VALHALLA XBOXONE CD DE JEUX 2022<\/strong> \u2014 Accessoire gaming disponible chez <strong>ABAWI Dakar<\/strong>.<\/p>\n<p>Compatibilit\u00e9 confirm\u00e9e avec les consoles PlayStation, Xbox et Nintendo. Id\u00e9al pour les gamers au S\u00e9n\u00e9gal. Vivez une exp\u00e9rience de jeu au niveau sup\u00e9rieur.<\/p>\n<ul>\n<li>\u2705 Compatible PS4 \/ PS5 \/ Xbox<\/li>\n<li>\u2705 R\u00e9ponse rapide<\/li>\n<li>\u2705 Durabilit\u00e9 gaming<\/li>\n<li>\u2705 Livraison Dakar<\/li>\n<\/ul>\n<p><strong>ABAWI Gaming<\/strong> | 77 518 50 50<\/p>\n","protected":false},"excerpt":{"rendered":"<p>XBOX ASSASSINS CREED VALHALLA XBOXONE CD DE JEUX 2022 \u2014 Accessoire gaming disponible chez ABAWI Dakar. Compatibilit\u00e9 confirm\u00e9e avec les<\/p>\n","protected":false},"featured_media":0,"comment_status":"1","ping_status":"closed","template":"","meta":{"om_disable_all_campaigns":false},"product_brand":[],"product_cat":[18],"product_tag":[],"class_list":{"0":"post-31035","1":"product","2":"type-product","3":"status-publish","5":"product_cat-uncategorized","7":"first","8":"instock","9":"shipping-taxable","10":"purchasable","11":"product-type-simple"},"_links":{"self":[{"href":"https:\/\/abawi.sn\/fr\/wp-json\/wp\/v2\/product\/31035","targetHints":{"allow":["GET"]}}],"collection":[{"href":"https:\/\/abawi.sn\/fr\/wp-json\/wp\/v2\/product"}],"about":[{"href":"https:\/\/abawi.sn\/fr\/wp-json\/wp\/v2\/types\/product"}],"replies":[{"embeddable":true,"href":"https:\/\/abawi.sn\/fr\/wp-json\/wp\/v2\/comments?post=31035"}],"version-history":[{"count":1,"href":"https:\/\/abawi.sn\/fr\/wp-json\/wp\/v2\/product\/31035\/revisions"}],"predecessor-version":[{"id":31036,"href":"https:\/\/abawi.sn\/fr\/wp-json\/wp\/v2\/product\/31035\/revisions\/31036"}],"wp:attachment":[{"href":"https:\/\/abawi.sn\/fr\/wp-json\/wp\/v2\/media?parent=31035"}],"wp:term":[{"taxonomy":"product_brand","embeddable":true,"href":"https:\/\/abawi.sn\/fr\/wp-json\/wp\/v2\/product_brand?post=31035"},{"taxonomy":"product_cat","embeddable":true,"href":"https:\/\/abawi.sn\/fr\/wp-json\/wp\/v2\/product_cat?post=31035"},{"taxonomy":"product_tag","embeddable":true,"href":"https:\/\/abawi.sn\/fr\/wp-json\/wp\/v2\/product_tag?post=31035"}],"curies":[{"name":"wp","href":"https:\/\/api.w.org\/{rel}","templated":true}]}}